{"id":140,"date":"2022-04-26T22:11:27","date_gmt":"2022-04-26T20:11:27","guid":{"rendered":"https:\/\/fsg-neudorf.ch\/?page_id=140"},"modified":"2022-05-02T21:31:45","modified_gmt":"2022-05-02T19:31:45","slug":"links","status":"publish","type":"page","link":"https:\/\/fsg-neudorf.ch\/?page_id=140","title":{"rendered":"LINKS"},"content":{"rendered":"<h3><\/h3>\n<p>&nbsp;<\/p>\n<h3 style=\"text-align: center;\"><strong>Sch\u00fctzenvereine<\/strong><\/h3>\n<p>&nbsp;<\/p>\n<h4 style=\"text-align: center;\"><a href=\"http:\/\/www.sg-rickenbach.ch\" target=\"_blank\" rel=\"noopener\"><img loading=\"lazy\" decoding=\"async\" class=\"alignnone wp-image-160\" src=\"https:\/\/fsg-neudorf.ch\/wp-content\/uploads\/2022\/05\/linkrickenbach.jpg\" alt=\"\" width=\"45\" height=\"45\" \/><\/a><a href=\"http:\/\/www.sg-rickenbach.ch\" target=\"_blank\" rel=\"noopener\"> \u00a0\u00a0 SG Rickenbach<\/a><\/h4>\n<h4 style=\"text-align: center;\"><a style=\"font-size: 18px; margin: 16px 0px;\" href=\"http:\/\/www.sg-rickenbach.ch\" target=\"_blank\" rel=\"noopener\"><img loading=\"lazy\" decoding=\"async\" class=\"alignnone wp-image-162\" src=\"https:\/\/fsg-neudorf.ch\/wp-content\/uploads\/2022\/05\/linkeich.jpg\" alt=\"\" width=\"54\" height=\"45\" \/><\/a><a href=\"https:\/\/ssc-eich.ch\/\" target=\"_blank\" rel=\"noopener\">\u00a0 \u00a0 SSC Eich<\/a><\/h4>\n<h4 style=\"text-align: center;\"><a href=\"https:\/\/www.fsg-hildisrieden.ch\/\" target=\"_blank\" rel=\"noopener\"><img loading=\"lazy\" decoding=\"async\" class=\"alignnone wp-image-161\" src=\"https:\/\/fsg-neudorf.ch\/wp-content\/uploads\/2022\/05\/linkhildisrieden.jpg\" alt=\"\" width=\"49\" height=\"45\" \/><\/a><a href=\"https:\/\/www.fsg-hildisrieden.ch\/\" target=\"_blank\" rel=\"noopener\">\u00a0 \u00a0 \u00a0FSG Hildisrieden<\/a><\/h4>\n<h4 style=\"text-align: center;\"><a href=\"https:\/\/www.sg-rain.ch\/\" target=\"_blank\" rel=\"noopener\">SG Rain<\/a><\/h4>\n<h4 style=\"text-align: center;\"><a href=\"http:\/\/www.ssm-beromuenster.ch\" target=\"_blank\" rel=\"noopener\"><img loading=\"lazy\" decoding=\"async\" class=\"alignnone wp-image-164\" src=\"https:\/\/fsg-neudorf.ch\/wp-content\/uploads\/2022\/05\/LogoSender-247x300.jpg\" alt=\"\" width=\"37\" height=\"45\" srcset=\"https:\/\/fsg-neudorf.ch\/wp-content\/uploads\/2022\/05\/LogoSender-247x300.jpg 247w, https:\/\/fsg-neudorf.ch\/wp-content\/uploads\/2022\/05\/LogoSender.jpg 598w\" sizes=\"auto, (max-width: 37px) 100vw, 37px\" \/><\/a><a href=\"http:\/\/www.ssm-beromuenster.ch\" target=\"_blank\" rel=\"noopener\">\u00a0 \u00a0 SSM Berom\u00fcnster<\/a><\/h4>\n<p>&nbsp;<\/p>\n<p>&nbsp;<\/p>\n<p>&nbsp;<\/p>\n<h3 style=\"text-align: center;\"><strong>Sch\u00fctzenverb\u00e4nde<\/strong><\/h3>\n<p>&nbsp;<\/p>\n<h4 style=\"text-align: center;\"><a href=\"https:\/\/asv-sursee.ch\/\" target=\"_blank\" rel=\"noopener\"><img loading=\"lazy\" decoding=\"async\" class=\"alignnone wp-image-157\" src=\"https:\/\/fsg-neudorf.ch\/wp-content\/uploads\/2022\/05\/ASVSursee.jpg\" alt=\"\" width=\"45\" height=\"45\" \/><\/a><a href=\"https:\/\/asv-sursee.ch\/\" target=\"_blank\" rel=\"noopener\">\u00a0 \u00a0 \u00a0Amtssch\u00fctzenverband Sursee<\/a><\/h4>\n<h4 style=\"text-align: center;\"><a href=\"https:\/\/lksv.ch\/\" target=\"_blank\" rel=\"noopener\"><img loading=\"lazy\" decoding=\"async\" class=\"alignnone size-full wp-image-155\" src=\"https:\/\/fsg-neudorf.ch\/wp-content\/uploads\/2022\/05\/lksv.gif\" alt=\"\" width=\"100\" height=\"43\" \/>\u00a0 Luzerner Kantonalsch\u00fctzenverein<\/a><\/h4>\n<p>&nbsp;<\/p>\n","protected":false},"excerpt":{"rendered":"<p>&nbsp; Sch\u00fctzenvereine &nbsp; \u00a0\u00a0 SG Rickenbach \u00a0 \u00a0 SSC Eich \u00a0 \u00a0 \u00a0FSG Hildisrieden SG Rain \u00a0 \u00a0 SSM Berom\u00fcnster &nbsp; &nbsp; &nbsp; Sch\u00fctzenverb\u00e4nde &nbsp; \u00a0 \u00a0 \u00a0Amtssch\u00fctzenverband Sursee \u00a0 Luzerner Kantonalsch\u00fctzenverein &nbsp;<\/p>\n","protected":false},"author":1,"featured_media":0,"parent":0,"menu_order":0,"comment_status":"closed","ping_status":"closed","template":"","meta":{"footnotes":""},"class_list":["post-140","page","type-page","status-publish","hentry"],"yoast_head":"<!-- This site is optimized with the Yoast SEO plugin v27.3 - https:\/\/yoast.com\/product\/yoast-seo-wordpress\/ -->\n<title>LINKS - FSG Neudorf<\/title>\n<meta name=\"robots\" content=\"index, follow, max-snippet:-1, max-image-preview:large, max-video-preview:-1\" \/>\n<link rel=\"canonical\" href=\"https:\/\/fsg-neudorf.ch\/?page_id=140\" \/>\n<meta property=\"og:locale\" content=\"de_DE\" \/>\n<meta property=\"og:type\" content=\"article\" \/>\n<meta property=\"og:title\" content=\"LINKS - FSG Neudorf\" \/>\n<meta property=\"og:description\" content=\"&nbsp; Sch\u00fctzenvereine &nbsp; \u00a0\u00a0 SG Rickenbach \u00a0 \u00a0 SSC Eich \u00a0 \u00a0 \u00a0FSG Hildisrieden SG Rain \u00a0 \u00a0 SSM Berom\u00fcnster &nbsp; &nbsp; &nbsp; Sch\u00fctzenverb\u00e4nde &nbsp; \u00a0 \u00a0 \u00a0Amtssch\u00fctzenverband Sursee \u00a0 Luzerner Kantonalsch\u00fctzenverein &nbsp;\" \/>\n<meta property=\"og:url\" content=\"https:\/\/fsg-neudorf.ch\/?page_id=140\" \/>\n<meta property=\"og:site_name\" content=\"FSG Neudorf\" \/>\n<meta property=\"article:modified_time\" content=\"2022-05-02T19:31:45+00:00\" \/>\n<meta property=\"og:image\" content=\"https:\/\/fsg-neudorf.ch\/wp-content\/uploads\/2022\/05\/linkrickenbach.jpg\" \/>\n<meta name=\"twitter:card\" content=\"summary_large_image\" \/>\n<script type=\"application\/ld+json\" class=\"yoast-schema-graph\">{\"@context\":\"https:\\\/\\\/schema.org\",\"@graph\":[{\"@type\":\"WebPage\",\"@id\":\"https:\\\/\\\/fsg-neudorf.ch\\\/?page_id=140\",\"url\":\"https:\\\/\\\/fsg-neudorf.ch\\\/?page_id=140\",\"name\":\"LINKS - FSG Neudorf\",\"isPartOf\":{\"@id\":\"https:\\\/\\\/fsg-neudorf.ch\\\/#website\"},\"primaryImageOfPage\":{\"@id\":\"https:\\\/\\\/fsg-neudorf.ch\\\/?page_id=140#primaryimage\"},\"image\":{\"@id\":\"https:\\\/\\\/fsg-neudorf.ch\\\/?page_id=140#primaryimage\"},\"thumbnailUrl\":\"https:\\\/\\\/fsg-neudorf.ch\\\/wp-content\\\/uploads\\\/2022\\\/05\\\/linkrickenbach.jpg\",\"datePublished\":\"2022-04-26T20:11:27+00:00\",\"dateModified\":\"2022-05-02T19:31:45+00:00\",\"breadcrumb\":{\"@id\":\"https:\\\/\\\/fsg-neudorf.ch\\\/?page_id=140#breadcrumb\"},\"inLanguage\":\"de\",\"potentialAction\":[{\"@type\":\"ReadAction\",\"target\":[\"https:\\\/\\\/fsg-neudorf.ch\\\/?page_id=140\"]}]},{\"@type\":\"ImageObject\",\"inLanguage\":\"de\",\"@id\":\"https:\\\/\\\/fsg-neudorf.ch\\\/?page_id=140#primaryimage\",\"url\":\"https:\\\/\\\/fsg-neudorf.ch\\\/wp-content\\\/uploads\\\/2022\\\/05\\\/linkrickenbach.jpg\",\"contentUrl\":\"https:\\\/\\\/fsg-neudorf.ch\\\/wp-content\\\/uploads\\\/2022\\\/05\\\/linkrickenbach.jpg\",\"width\":50,\"height\":50},{\"@type\":\"BreadcrumbList\",\"@id\":\"https:\\\/\\\/fsg-neudorf.ch\\\/?page_id=140#breadcrumb\",\"itemListElement\":[{\"@type\":\"ListItem\",\"position\":1,\"name\":\"Startseite\",\"item\":\"https:\\\/\\\/fsg-neudorf.ch\\\/\"},{\"@type\":\"ListItem\",\"position\":2,\"name\":\"LINKS\"}]},{\"@type\":\"WebSite\",\"@id\":\"https:\\\/\\\/fsg-neudorf.ch\\\/#website\",\"url\":\"https:\\\/\\\/fsg-neudorf.ch\\\/\",\"name\":\"FSG Neudorf\",\"description\":\"\",\"publisher\":{\"@id\":\"https:\\\/\\\/fsg-neudorf.ch\\\/#organization\"},\"potentialAction\":[{\"@type\":\"SearchAction\",\"target\":{\"@type\":\"EntryPoint\",\"urlTemplate\":\"https:\\\/\\\/fsg-neudorf.ch\\\/?s={search_term_string}\"},\"query-input\":{\"@type\":\"PropertyValueSpecification\",\"valueRequired\":true,\"valueName\":\"search_term_string\"}}],\"inLanguage\":\"de\"},{\"@type\":\"Organization\",\"@id\":\"https:\\\/\\\/fsg-neudorf.ch\\\/#organization\",\"name\":\"Feldsch\u00fctzengesellschaft Neudorf\",\"url\":\"https:\\\/\\\/fsg-neudorf.ch\\\/\",\"logo\":{\"@type\":\"ImageObject\",\"inLanguage\":\"de\",\"@id\":\"https:\\\/\\\/fsg-neudorf.ch\\\/#\\\/schema\\\/logo\\\/image\\\/\",\"url\":\"https:\\\/\\\/fsg-neudorf.ch\\\/wp-content\\\/uploads\\\/2022\\\/04\\\/Logo.jpg\",\"contentUrl\":\"https:\\\/\\\/fsg-neudorf.ch\\\/wp-content\\\/uploads\\\/2022\\\/04\\\/Logo.jpg\",\"width\":190,\"height\":100,\"caption\":\"Feldsch\u00fctzengesellschaft Neudorf\"},\"image\":{\"@id\":\"https:\\\/\\\/fsg-neudorf.ch\\\/#\\\/schema\\\/logo\\\/image\\\/\"}}]}<\/script>\n<!-- \/ Yoast SEO plugin. -->","yoast_head_json":{"title":"LINKS - FSG Neudorf","robots":{"index":"index","follow":"follow","max-snippet":"max-snippet:-1","max-image-preview":"max-image-preview:large","max-video-preview":"max-video-preview:-1"},"canonical":"https:\/\/fsg-neudorf.ch\/?page_id=140","og_locale":"de_DE","og_type":"article","og_title":"LINKS - FSG Neudorf","og_description":"&nbsp; Sch\u00fctzenvereine &nbsp; \u00a0\u00a0 SG Rickenbach \u00a0 \u00a0 SSC Eich \u00a0 \u00a0 \u00a0FSG Hildisrieden SG Rain \u00a0 \u00a0 SSM Berom\u00fcnster &nbsp; &nbsp; &nbsp; Sch\u00fctzenverb\u00e4nde &nbsp; \u00a0 \u00a0 \u00a0Amtssch\u00fctzenverband Sursee \u00a0 Luzerner Kantonalsch\u00fctzenverein &nbsp;","og_url":"https:\/\/fsg-neudorf.ch\/?page_id=140","og_site_name":"FSG Neudorf","article_modified_time":"2022-05-02T19:31:45+00:00","og_image":[{"url":"https:\/\/fsg-neudorf.ch\/wp-content\/uploads\/2022\/05\/linkrickenbach.jpg","type":"","width":"","height":""}],"twitter_card":"summary_large_image","schema":{"@context":"https:\/\/schema.org","@graph":[{"@type":"WebPage","@id":"https:\/\/fsg-neudorf.ch\/?page_id=140","url":"https:\/\/fsg-neudorf.ch\/?page_id=140","name":"LINKS - FSG Neudorf","isPartOf":{"@id":"https:\/\/fsg-neudorf.ch\/#website"},"primaryImageOfPage":{"@id":"https:\/\/fsg-neudorf.ch\/?page_id=140#primaryimage"},"image":{"@id":"https:\/\/fsg-neudorf.ch\/?page_id=140#primaryimage"},"thumbnailUrl":"https:\/\/fsg-neudorf.ch\/wp-content\/uploads\/2022\/05\/linkrickenbach.jpg","datePublished":"2022-04-26T20:11:27+00:00","dateModified":"2022-05-02T19:31:45+00:00","breadcrumb":{"@id":"https:\/\/fsg-neudorf.ch\/?page_id=140#breadcrumb"},"inLanguage":"de","potentialAction":[{"@type":"ReadAction","target":["https:\/\/fsg-neudorf.ch\/?page_id=140"]}]},{"@type":"ImageObject","inLanguage":"de","@id":"https:\/\/fsg-neudorf.ch\/?page_id=140#primaryimage","url":"https:\/\/fsg-neudorf.ch\/wp-content\/uploads\/2022\/05\/linkrickenbach.jpg","contentUrl":"https:\/\/fsg-neudorf.ch\/wp-content\/uploads\/2022\/05\/linkrickenbach.jpg","width":50,"height":50},{"@type":"BreadcrumbList","@id":"https:\/\/fsg-neudorf.ch\/?page_id=140#breadcrumb","itemListElement":[{"@type":"ListItem","position":1,"name":"Startseite","item":"https:\/\/fsg-neudorf.ch\/"},{"@type":"ListItem","position":2,"name":"LINKS"}]},{"@type":"WebSite","@id":"https:\/\/fsg-neudorf.ch\/#website","url":"https:\/\/fsg-neudorf.ch\/","name":"FSG Neudorf","description":"","publisher":{"@id":"https:\/\/fsg-neudorf.ch\/#organization"},"potentialAction":[{"@type":"SearchAction","target":{"@type":"EntryPoint","urlTemplate":"https:\/\/fsg-neudorf.ch\/?s={search_term_string}"},"query-input":{"@type":"PropertyValueSpecification","valueRequired":true,"valueName":"search_term_string"}}],"inLanguage":"de"},{"@type":"Organization","@id":"https:\/\/fsg-neudorf.ch\/#organization","name":"Feldsch\u00fctzengesellschaft Neudorf","url":"https:\/\/fsg-neudorf.ch\/","logo":{"@type":"ImageObject","inLanguage":"de","@id":"https:\/\/fsg-neudorf.ch\/#\/schema\/logo\/image\/","url":"https:\/\/fsg-neudorf.ch\/wp-content\/uploads\/2022\/04\/Logo.jpg","contentUrl":"https:\/\/fsg-neudorf.ch\/wp-content\/uploads\/2022\/04\/Logo.jpg","width":190,"height":100,"caption":"Feldsch\u00fctzengesellschaft Neudorf"},"image":{"@id":"https:\/\/fsg-neudorf.ch\/#\/schema\/logo\/image\/"}}]}},"_links":{"self":[{"href":"https:\/\/fsg-neudorf.ch\/index.php?rest_route=\/wp\/v2\/pages\/140","targetHints":{"allow":["GET"]}}],"collection":[{"href":"https:\/\/fsg-neudorf.ch\/index.php?rest_route=\/wp\/v2\/pages"}],"about":[{"href":"https:\/\/fsg-neudorf.ch\/index.php?rest_route=\/wp\/v2\/types\/page"}],"author":[{"embeddable":true,"href":"https:\/\/fsg-neudorf.ch\/index.php?rest_route=\/wp\/v2\/users\/1"}],"replies":[{"embeddable":true,"href":"https:\/\/fsg-neudorf.ch\/index.php?rest_route=%2Fwp%2Fv2%2Fcomments&post=140"}],"version-history":[{"count":16,"href":"https:\/\/fsg-neudorf.ch\/index.php?rest_route=\/wp\/v2\/pages\/140\/revisions"}],"predecessor-version":[{"id":147,"href":"https:\/\/fsg-neudorf.ch\/index.php?rest_route=\/wp\/v2\/pages\/140\/revisions\/147"}],"wp:attachment":[{"href":"https:\/\/fsg-neudorf.ch\/index.php?rest_route=%2Fwp%2Fv2%2Fmedia&parent=140"}],"curies":[{"name":"wp","href":"https:\/\/api.w.org\/{rel}","templated":true}]}}